{"id":2940,"date":"2021-07-14T15:31:01","date_gmt":"2021-07-14T12:31:01","guid":{"rendered":"https:\/\/bulut.app\/?post_type=product&#038;p=2940"},"modified":"2021-07-14T15:37:22","modified_gmt":"2021-07-14T12:37:22","slug":"canon-dr-g1100-depozito","status":"publish","type":"product","link":"https:\/\/bulut.app\/index.php\/product\/canon-dr-g1100-depozito\/","title":{"rendered":"Canon DR-G1100 Depozitosu"},"content":{"rendered":"<p>Canon Image Formula DR-G1100 model tarama makinesi depozito bedelidir. Depozito bedellerinin kredi kart\u0131 ile \u00f6demesinde %3 komisyon bedeli ilave edilmektedir, komisyon tutar\u0131 iade edilmez.<\/p>\n","protected":false},"excerpt":{"rendered":"<p>DR-G1100 Depozito Bedeli<\/p>\n","protected":false},"featured_media":2942,"template":"","meta":[],"product_cat":[42],"product_tag":[],"_links":{"self":[{"href":"https:\/\/bulut.app\/index.php\/wp-json\/wp\/v2\/product\/2940"}],"collection":[{"href":"https:\/\/bulut.app\/index.php\/wp-json\/wp\/v2\/product"}],"about":[{"href":"https:\/\/bulut.app\/index.php\/wp-json\/wp\/v2\/types\/product"}],"wp:featuredmedia":[{"embeddable":true,"href":"https:\/\/bulut.app\/index.php\/wp-json\/wp\/v2\/media\/2942"}],"wp:attachment":[{"href":"https:\/\/bulut.app\/index.php\/wp-json\/wp\/v2\/media?parent=2940"}],"wp:term":[{"taxonomy":"product_cat","embeddable":true,"href":"https:\/\/bulut.app\/index.php\/wp-json\/wp\/v2\/product_cat?post=2940"},{"taxonomy":"product_tag","embeddable":true,"href":"https:\/\/bulut.app\/index.php\/wp-json\/wp\/v2\/product_tag?post=2940"}],"curies":[{"name":"wp","href":"https:\/\/api.w.org\/{rel}","templated":true}]}}