{"id":2932,"date":"2021-07-09T15:15:49","date_gmt":"2021-07-09T12:15:49","guid":{"rendered":"https:\/\/bulut.app\/?post_type=product&#038;p=2932"},"modified":"2021-07-09T15:21:12","modified_gmt":"2021-07-09T12:21:12","slug":"markali-mobil-uygulama","status":"publish","type":"product","link":"https:\/\/bulut.app\/index.php\/product\/markali-mobil-uygulama\/","title":{"rendered":"Markal\u0131 Mobil Uygulama"},"content":{"rendered":"<div class=\"pricing__sentense\">IOS\/Android<\/div>\n<ul class=\"pricing__feature-list\">\n<li>Misafirlerinize Kendi Markan\u0131z\u0131 Ta\u015f\u0131yan Uygulaman\u0131zla Hizmet Verin<\/li>\n<li>Tamamen \u00d6zelle\u015ftirilebilir Aray\u00fczler<\/li>\n<li>Anl\u0131k Bildirim G\u00f6nderme (T\u00fcm misafirlere veya filtreleme ile misafi segmentlerine)<\/li>\n<li>Bir defal\u0131k 2500TL Kurulum \u00dccreti<\/li>\n<li>Ayl\u0131k sadece 250 TL \u00f6deme<\/li>\n<li>Kullanmayaca\u011f\u0131n\u0131z aylarda uygulaman\u0131z\u0131 park edebilir, sonra tekrar kullan\u0131ma ba\u015flayabilirsiniz.<\/li>\n<li>Bu \u00fcr\u00fcn\u00fc aktif bir BulutSPA aboneli\u011fiyle ald\u0131\u011f\u0131n\u0131zda misafirleriniz randevular\u0131n\u0131 mobil uygulamaalr\u0131ndan y\u00f6netebilecektir, paket harici alman\u0131z halinde ise mobil uygulaman\u0131n web kontrol panelinden rezervasyon taleplerini takip edebilirsiniz.<\/li>\n<li>\u0130lave entegrasyonlar (Otel PMS, e-Fatura, Online POS vs) i\u00e7in l\u00fctfen irtibata ge\u00e7iniz.<\/li>\n<\/ul>\n","protected":false},"excerpt":{"rendered":"<p>24 saat i\u00e7erisinde kendi mobil uygulaman\u0131za sahip olun<\/p>\n","protected":false},"featured_media":0,"template":"","meta":[],"product_cat":[41],"product_tag":[],"_links":{"self":[{"href":"https:\/\/bulut.app\/index.php\/wp-json\/wp\/v2\/product\/2932"}],"collection":[{"href":"https:\/\/bulut.app\/index.php\/wp-json\/wp\/v2\/product"}],"about":[{"href":"https:\/\/bulut.app\/index.php\/wp-json\/wp\/v2\/types\/product"}],"wp:attachment":[{"href":"https:\/\/bulut.app\/index.php\/wp-json\/wp\/v2\/media?parent=2932"}],"wp:term":[{"taxonomy":"product_cat","embeddable":true,"href":"https:\/\/bulut.app\/index.php\/wp-json\/wp\/v2\/product_cat?post=2932"},{"taxonomy":"product_tag","embeddable":true,"href":"https:\/\/bulut.app\/index.php\/wp-json\/wp\/v2\/product_tag?post=2932"}],"curies":[{"name":"wp","href":"https:\/\/api.w.org\/{rel}","templated":true}]}}