{"id":2928,"date":"2021-07-09T14:58:26","date_gmt":"2021-07-09T11:58:26","guid":{"rendered":"https:\/\/bulut.app\/?post_type=product&#038;p=2928"},"modified":"2021-07-09T14:59:21","modified_gmt":"2021-07-09T11:59:21","slug":"bulutspa-extra","status":"publish","type":"product","link":"https:\/\/bulut.app\/index.php\/product\/bulutspa-extra\/","title":{"rendered":"BulutSPA Extra"},"content":{"rendered":"<p><strong>B\u00fcy\u00fck i\u015fletmeler ve stok takibi yapanlar i\u00e7in<\/strong><\/p>\n<ul class=\"pricing__feature-list\">\n<li>10 Kullan\u0131c\u0131, 50 Personel, S\u0131n\u0131rs\u0131z Misafir<\/li>\n<li>Pro Paket T\u00fcm \u00d6zellikler +<\/li>\n<li>Stok+Sarf Re\u00e7eteleri<\/li>\n<li>Stok ve Sarf Raporlar\u0131<\/li>\n<\/ul>\n","protected":false},"excerpt":{"rendered":"<p><strong>B\u00fcy\u00fck i\u015fletmeler i\u00e7in<\/strong><\/p>\n","protected":false},"featured_media":0,"template":"","meta":[],"product_cat":[41],"product_tag":[],"_links":{"self":[{"href":"https:\/\/bulut.app\/index.php\/wp-json\/wp\/v2\/product\/2928"}],"collection":[{"href":"https:\/\/bulut.app\/index.php\/wp-json\/wp\/v2\/product"}],"about":[{"href":"https:\/\/bulut.app\/index.php\/wp-json\/wp\/v2\/types\/product"}],"wp:attachment":[{"href":"https:\/\/bulut.app\/index.php\/wp-json\/wp\/v2\/media?parent=2928"}],"wp:term":[{"taxonomy":"product_cat","embeddable":true,"href":"https:\/\/bulut.app\/index.php\/wp-json\/wp\/v2\/product_cat?post=2928"},{"taxonomy":"product_tag","embeddable":true,"href":"https:\/\/bulut.app\/index.php\/wp-json\/wp\/v2\/product_tag?post=2928"}],"curies":[{"name":"wp","href":"https:\/\/api.w.org\/{rel}","templated":true}]}}