{"id":2918,"date":"2021-07-09T14:20:03","date_gmt":"2021-07-09T11:20:03","guid":{"rendered":"https:\/\/bulut.app\/?post_type=product&#038;p=2918"},"modified":"2021-07-09T14:58:42","modified_gmt":"2021-07-09T11:58:42","slug":"bulutspa-pro","status":"publish","type":"product","link":"https:\/\/bulut.app\/index.php\/product\/bulutspa-pro\/","title":{"rendered":"BulutSPA Pro"},"content":{"rendered":"<div class=\"pricing__sentense\">\u015eube ba\u015f\u0131na ayl\u0131k \u00f6deme<\/div>\n<ul class=\"pricing__feature-list\">\n<li>5 Kullan\u0131c\u0131, 20 Personel, S\u0131n\u0131rs\u0131z Misafir<\/li>\n<li>Basic Paket T\u00fcm \u00d6zellikler+<\/li>\n<li>\u00dcyelik+Fiyat Listeleri+Sat\u0131nalma<\/li>\n<li>Finans ve Prim Raporlar\u0131<\/li>\n<\/ul>\n","protected":false},"excerpt":{"rendered":"<p><strong>Orta\/B\u00fcy\u00fck \u00d6l\u00e7ekli \u0130\u015fletmeler<\/strong><\/p>\n<ul>\n<li>5 Kullan\u0131c\u0131, 20 Personel, S\u0131n\u0131rs\u0131z Misafir<\/li>\n<\/ul>\n","protected":false},"featured_media":0,"template":"","meta":[],"product_cat":[41],"product_tag":[],"_links":{"self":[{"href":"https:\/\/bulut.app\/index.php\/wp-json\/wp\/v2\/product\/2918"}],"collection":[{"href":"https:\/\/bulut.app\/index.php\/wp-json\/wp\/v2\/product"}],"about":[{"href":"https:\/\/bulut.app\/index.php\/wp-json\/wp\/v2\/types\/product"}],"wp:attachment":[{"href":"https:\/\/bulut.app\/index.php\/wp-json\/wp\/v2\/media?parent=2918"}],"wp:term":[{"taxonomy":"product_cat","embeddable":true,"href":"https:\/\/bulut.app\/index.php\/wp-json\/wp\/v2\/product_cat?post=2918"},{"taxonomy":"product_tag","embeddable":true,"href":"https:\/\/bulut.app\/index.php\/wp-json\/wp\/v2\/product_tag?post=2918"}],"curies":[{"name":"wp","href":"https:\/\/api.w.org\/{rel}","templated":true}]}}