{"id":3,"date":"2020-04-21T00:37:35","date_gmt":"2020-04-20T21:37:35","guid":{"rendered":"http:\/\/localhost\/Coder\/?page_id=3"},"modified":"2021-07-09T16:01:30","modified_gmt":"2021-07-09T13:01:30","slug":"gizlilik-politikasi","status":"publish","type":"page","link":"https:\/\/bulut.app\/index.php\/gizlilik-politikasi\/","title":{"rendered":"Gizlilik politikas\u0131"},"content":{"rendered":"\n<h2>Biz kimiz<\/h2>\n\n\n\n<p>Bulut.APP web sitesi LaciTek Bili\u015fim A.\u015e (T\u00fcrkiye Cumhuriyeti kanunlar\u0131na g\u00f6re kurulmu\u015f 0607078020600001 MERS\u0130S numaral\u0131 \u015firkettir.) taraf\u0131ndan i\u015fletilmektedir. <\/p>\n\n\n\n<h2>Hangi ki\u015fisel bilgileri ne ama\u00e7la topluyoruz<\/h2>\n\n\n\n<h3>Yorumlar<\/h3>\n\n\n\n<p>Ziyaret\u00e7iler sitede yorum b\u0131rakt\u0131\u011f\u0131nda yorum formunda g\u00f6sterilen verileri ve ayr\u0131ca istenmeyen yorum tespitine yard\u0131mc\u0131 olmak ve gerekti\u011finde ilgili kanuni mercilere iletmek i\u00e7in ziyaret\u00e7inin IP adresi ve taray\u0131c\u0131 bilgisi metnini toplar\u0131z.<\/p>\n\n\n\n<p>E-posta adresinizden olu\u015fturulmu\u015f anonimle\u015ftirilmi\u015f bir metin (hash olarak da adland\u0131r\u0131l\u0131r) Gravatar hizmetine, servisi kullan\u0131p kullanmad\u0131\u011f\u0131n\u0131z\u0131 g\u00f6rmek i\u00e7in, sa\u011flanabilir. Gravatar servisinin gizlilik politikas\u0131 \u015fu adrestedir: https:\/\/automattic.com\/privacy\/. Yorumunuzun onaylanmas\u0131ndan sonra profil resminiz yorumunuzla birlikte herkese g\u00f6r\u00fcn\u00fcr.<\/p>\n\n\n\n<h3>Ortam<\/h3>\n\n\n\n<p>G\u00f6rselleri web sitesine y\u00fcklerseniz, g\u00f6m\u00fclm\u00fc\u015f konum verileri (EXIF GPS) i\u00e7eren g\u00f6rseller y\u00fcklemekten ka\u00e7\u0131nmal\u0131s\u0131n\u0131z. Web sitesi ziyaret\u00e7ileri, web sitesindeki g\u00f6rsellerden herhangi bir konum bilgisini indirip \u00e7\u0131karabilir.<\/p>\n\n\n\n<h3>\u0130leti\u015fim formlar\u0131<\/h3>\n\n\n\n<h3>\u00c7erezler<\/h3>\n\n\n\n<p>Sitemize bir yorum b\u0131rak\u0131rsan\u0131z, isminizi, e-posta adresinizi ve web sitenizi \u00e7erezlerde kaydetmeyi se\u00e7ebilirsiniz. Bunlar size kolayl\u0131k sa\u011flamak i\u00e7indir, b\u00f6ylece ba\u015fka bir yorum b\u0131rakt\u0131\u011f\u0131n\u0131zda bilgilerinizi tekrar doldurman\u0131z gerekmez. Bu \u00e7erezler bir y\u0131l s\u00fcresince kal\u0131r.<\/p>\n\n\n\n<p>E\u011fer giri\u015f sayfas\u0131m\u0131z\u0131 ziyaret ederseniz, taray\u0131c\u0131n\u0131z\u0131n \u00e7erezleri kabul edip etmedi\u011fini belirlemek i\u00e7in ge\u00e7ici bir \u00e7erez ayarlayaca\u011f\u0131z. Bu \u00e7erez hi\u00e7bir ki\u015fisel veri i\u00e7ermez ve taray\u0131c\u0131n\u0131z\u0131 kapatt\u0131\u011f\u0131n\u0131zda at\u0131l\u0131r.<\/p>\n\n\n\n<p>Giri\u015f yapt\u0131\u011f\u0131n\u0131zda, giri\u015f bilgilerinizi ve ekran g\u00f6r\u00fcnt\u00fcleme se\u00e7iminizi kaydetmek i\u00e7in birka\u00e7 \u00e7erez kaydedece\u011fiz. Giri\u015f \u00e7erezleri iki g\u00fcn ve ekran se\u00e7enekleri \u00e7erezleri bir y\u0131l boyunca kal\u0131r. &#8220;Beni hat\u0131rla&#8221; se\u00e7ene\u011fini se\u00e7ereniz, giri\u015finiz iki hafta boyunca devam eder. Hesab\u0131n\u0131zdan \u00e7\u0131k\u0131\u015f yaparsan\u0131z, giri\u015f \u00e7erezleri kald\u0131r\u0131lacakt\u0131r.<\/p>\n\n\n\n<p>Bir makaleyi d\u00fczenler veya yay\u0131nlarsan\u0131z taray\u0131c\u0131n\u0131za ek bir \u00e7erez kaydedilir. Bu \u00e7erez hi\u00e7bir ki\u015fisel veri i\u00e7ermez ve sadece d\u00fczenledi\u011finiz makalenin yaz\u0131 kimli\u011fini g\u00f6sterir. 1 g\u00fcn sonra zaman a\u015f\u0131m\u0131na u\u011frar.<\/p>\n\n\n\n<h3>Di\u011fer sitelerden g\u00f6m\u00fclen i\u00e7erik<\/h3>\n\n\n\n<p>Bu sitedeki makaleler g\u00f6m\u00fcl\u00fc i\u00e7erik (\u00f6r. videolar, g\u00f6rseller, makaleler, vb.) I\u00e7erebilir. Di\u011fer web sitelerinden g\u00f6m\u00fclen i\u00e7erik, ziyaret\u00e7inin di\u011fer web sitesini ziyaret etmi\u015f gibi, tam olarak ayn\u0131 \u015fekilde davran\u0131r.<\/p>\n\n\n\n<p>Bu web siteleri sizin hakk\u0131n\u0131zda veri toplayabilir, \u00e7erez kullanabilir, \u00fc\u00e7\u00fcnc\u00fc taraf taraf\u0131ndan g\u00f6m\u00fclm\u00fc\u015f \u015feklide takip yapabilir ve bir hesab\u0131n\u0131z varsa ve bu web sitesinde oturum a\u00e7t\u0131ysan\u0131z, g\u00f6m\u00fclen i\u00e7erikle etkle\u015fiminizi takip etme dahil olmak \u00fczere, bu g\u00f6m\u00fclen i\u00e7erikle etkile\u015fiminizi izleyebilir.<\/p>\n\n\n\n<h3>Analiz<\/h3>\n\n\n\n<h2>Verinizi kimlerle payla\u015f\u0131yoruz<\/h2>\n\n\n\n<p>Sitemizden bir al\u0131\u015fveri\u015f yaparsan\u0131z ilgili forma girdi\u011finiz bilgiler \u00f6deme arac\u0131 kurulu\u015fu ile payla\u015f\u0131lacakt\u0131r. Kredi kart\u0131 bilgileri gibi hassas bilgileri sitemiz \u00fczerinde toplamay\u0131z, bu tip bilgiler do\u011frudan \u00f6deme arac\u0131 kurulu\u015fu taraf\u0131ndan al\u0131n\u0131r ve i\u015flenir, taraf\u0131m\u0131za iletilmez, taraf\u0131m\u0131zca i\u015flenmez ve depolanmaz. <\/p>\n\n\n\n<h2>Verilerinizi ne kadar s\u00fcre tutar\u0131z<\/h2>\n\n\n\n<p>Bir yorum b\u0131rak\u0131rsan\u0131z, yorum ve meta verileri s\u00fcresiz olarak saklan\u0131r. B\u00f6ylece, takip eden yorumlar\u0131n\u0131z\u0131 denetim kuyru\u011funda tutmak yerine otomatik olarak tan\u0131yabilir ve onaylayabiliriz.<\/p>\n\n\n\n<p>Web sitemize kay\u0131t yapt\u0131ran kullan\u0131c\u0131lar i\u00e7in (varsa) kullan\u0131c\u0131 profilinde sa\u011flad\u0131klar\u0131 ki\u015fisel bilgileri de saklar\u0131z. T\u00fcm kullan\u0131c\u0131lar ki\u015fisel bilgilerini istedikleri zaman g\u00f6rebilir, d\u00fczenleyebilir veya silebilir (kullan\u0131c\u0131 ad\u0131 de\u011fi\u015ftirme hari\u00e7). Web sitesi y\u00f6neticileri de bu bilgileri g\u00f6rebilir ve d\u00fczenleyebilir.<\/p>\n\n\n\n<p>\u00d6demeye ili\u015fkin bilgi ve belgeler mevzuat\u0131n emretti\u011fi s\u00fcre boyunca mali kay\u0131tlar\u0131m\u0131zda tutulacakt\u0131r.<\/p>\n\n\n\n<h2>Verileriniz \u00fczerindeki haklar\u0131n\u0131z neler<\/h2>\n\n\n\n<p>Bu sitede bir hesab\u0131n\u0131z veya yorumlar\u0131n\u0131z varsa, bize sa\u011flad\u0131\u011f\u0131n\u0131z veriler dahil olmak \u00fczere, hakk\u0131n\u0131zda tuttu\u011fumuz ki\u015fisel verilerin d\u0131\u015fa aktar\u0131lm\u0131\u015f bir dosyas\u0131n\u0131 almay\u0131 isteyebilirsiniz. Ayr\u0131ca, hakk\u0131n\u0131zda tuttu\u011fumuz t\u00fcm ki\u015fisel verileri de silmemizi isteyebilirsiniz. Bu, idari, yasal veya g\u00fcvenlik ama\u00e7lar\u0131na uymak zorunda oldu\u011fumuz hi\u00e7bir veriyi i\u00e7eremez.<\/p>\n\n\n\n<h2>Verinizi nereye g\u00f6nderiyoruz<\/h2>\n\n\n\n<p>Ziyaret\u00e7i yorumlar\u0131 otomatik istenmeyen yorum alg\u0131lama servisi arac\u0131l\u0131\u011f\u0131yla kontrol edilebilir. \u00d6demeye ili\u015fkin veriler \u00f6deme arac\u0131s\u0131 kurumlarla payla\u015f\u0131labilir. <\/p>\n\n\n\n<h2>\u0130leti\u015fim bilgileriniz<\/h2>\n\n\n\n<p>\u0130leti\u015fim bilgileriniz yasal talep halinde ilgili mercilerle, faturalama s\u00fcre\u00e7lerinde \u00f6deme ve e-fatura entegrat\u00f6rleri ile payla\u015f\u0131labilmektedir. Bunun d\u0131\u015f\u0131nda herhangi bir ama\u00e7la kullan\u0131lmaz. \u00d6zel olarak b\u00fclten aboneliklerine kaydolmad\u0131\u011f\u0131n\u0131z durumlarda taraf\u0131m\u0131zca veya \u00fc\u00e7\u00fcnc\u00fc ki\u015filerce bu ileti\u015fim bilgilerinden ilgili sipari\u015finiz veya \u00fcr\u00fcn kullan\u0131m\u0131n\u0131zla ilgili olmayan herhangi bir ileti\u015fim ger\u00e7ekle\u015ftirilmez. <\/p>\n\n\n\n<h3>Hangi \u00fc\u00e7\u00fcnc\u00fc taraflardan veri al\u0131yoruz<\/h3>\n\n\n\n<p>Sitemizde herhangi bir \u00fc\u00e7\u00fcnc\u00fc ki\u015fi veya krumdan veri al\u0131nmaz, bunun tek istisnas\u0131 sitemizden bir al\u0131\u015fveri\u015f yapt\u0131\u011f\u0131n\u0131zda \u00f6deme arac\u0131s\u0131 kurumdan \u00f6demenin ba\u015far\u0131l\u0131 olup olmad\u0131\u011f\u0131na ili\u015fkin al\u0131nan bilgidir.<\/p>\n\n\n\n<h3>Kullan\u0131c\u0131 verileriyle ne tip otomatik karar verme ve\/veya profilleme yap\u0131yoruz?<\/h3>\n\n\n\n<p>Kullan\u0131c\u0131 verileriyle herhangi bir otomatik karar verme veya profilleme yap\u0131lmaz. Kullan\u0131c\u0131 verilerini sadece verinin topland\u0131\u011f\u0131 formda belirtilen ama\u00e7 (ileti\u015fim formu ile iletilen sorunun yan\u0131tlanmas\u0131, \u00fcr\u00fcnle ilgili yorumun yay\u0131na al\u0131nmas\u0131, yap\u0131lan sipari\u015f ve \u00f6demeye ili\u015fkin hizmet ve faturala i\u015flemleri gibi) d\u0131\u015f\u0131nda herhangi bir \u015fekilde kullanmay\u0131z.<\/p>\n\n\n\n<h3><\/h3>\n","protected":false},"excerpt":{"rendered":"<p>Biz kimiz Bulut.APP web sitesi LaciTek Bili\u015fim A.\u015e (T\u00fcrkiye Cumhuriyeti kanunlar\u0131na g\u00f6re kurulmu\u015f 0607078020600001 MERS\u0130S numaral\u0131 \u015firkettir.) taraf\u0131ndan i\u015fletilmektedir. Hangi ki\u015fisel bilgileri ne ama\u00e7la topluyoruz Yorumlar Ziyaret\u00e7iler sitede yorum b\u0131rakt\u0131\u011f\u0131nda &#8230;<\/p>\n","protected":false},"author":1,"featured_media":0,"parent":0,"menu_order":0,"comment_status":"closed","ping_status":"open","template":"","meta":[],"_links":{"self":[{"href":"https:\/\/bulut.app\/index.php\/wp-json\/wp\/v2\/pages\/3"}],"collection":[{"href":"https:\/\/bulut.app\/index.php\/wp-json\/wp\/v2\/pages"}],"about":[{"href":"https:\/\/bulut.app\/index.php\/wp-json\/wp\/v2\/types\/page"}],"author":[{"embeddable":true,"href":"https:\/\/bulut.app\/index.php\/wp-json\/wp\/v2\/users\/1"}],"replies":[{"embeddable":true,"href":"https:\/\/bulut.app\/index.php\/wp-json\/wp\/v2\/comments?post=3"}],"version-history":[{"count":1,"href":"https:\/\/bulut.app\/index.php\/wp-json\/wp\/v2\/pages\/3\/revisions"}],"predecessor-version":[{"id":2938,"href":"https:\/\/bulut.app\/index.php\/wp-json\/wp\/v2\/pages\/3\/revisions\/2938"}],"wp:attachment":[{"href":"https:\/\/bulut.app\/index.php\/wp-json\/wp\/v2\/media?parent=3"}],"curies":[{"name":"wp","href":"https:\/\/api.w.org\/{rel}","templated":true}]}}