{"id":2983,"date":"2025-05-23T13:16:00","date_gmt":"2025-05-23T10:16:00","guid":{"rendered":"https:\/\/bulut.app\/?page_id=2983"},"modified":"2025-05-23T22:58:38","modified_gmt":"2025-05-23T19:58:38","slug":"teslim-ve-iade","status":"publish","type":"page","link":"https:\/\/bulut.app\/index.php\/teslim-ve-iade\/","title":{"rendered":"Teslim, \u0130ptal ve \u0130ade"},"content":{"rendered":"\n<p><strong>MADDE 1<\/strong>&#8211; <strong>TEDAR\u0130K\u00c7\u0130<\/strong><\/p>\n\n\n\n<p><strong>\u00dcnvan\u0131: <\/strong>LaciTek Bili\u015fim A.\u015e.  Bundan sonra <strong>LaciTek <\/strong>olarak ge\u00e7ecektir.<\/p>\n\n\n\n<p><strong>Adresi:&nbsp;<\/strong> \u0130YTE Teknopark A1 Blok No 42 G\u00fclbah\u00e7e Urla \u0130zmir<\/p>\n\n\n\n<p><strong>Telefon:<\/strong> 0850 346 52 28<\/p>\n\n\n\n<p><strong>E-mail: <\/strong>iletisim @ lacitek . com<\/p>\n\n\n\n<p>Bu s\u00f6zle\u015fmede<strong> internet sitesi <\/strong>terimi LaciTek uhdesindeki &#8220;bulut.app&#8221;,&#8221;lacitek.com&#8221;, &#8220;bulutspa.com&#8221;, &#8220;guestelio.com&#8221;  gibi web sitelerinden ilgili olanlar\u0131n b\u00fct\u00fcn\u00fcn\u00fc ifade etmektedir.<\/p>\n\n\n\n<p><strong>MADDE 2- KONU<\/strong><\/p>\n\n\n\n<p>\u0130\u015fbu s\u00f6zle\u015fmenin konusu, <strong>KULLANICI<\/strong>&#8216;n\u0131n <strong>LaciTek<\/strong>&#8216;e ait &#8220;bulut.app&#8221; internet sitesinden elektronik ortamda sipari\u015fini yapt\u0131\u011f\u0131 a\u015fa\u011f\u0131da nitelikleri ve sat\u0131\u015f fiyat\u0131 belirtilen \u00fcr\u00fcn\u00fcn sat\u0131\u015f\u0131 ve teslimi ile ilgili olarak 4077 say\u0131l\u0131 T\u00fcketicilerin Korunmas\u0131 Hakk\u0131ndaki Kanun ve Mesafeli S\u00f6zle\u015fmeleri Uygulama Esas ve Usulleri Hakk\u0131nda Y\u00f6netmelik h\u00fck\u00fcmleri gere\u011fince taraflar\u0131n hak ve y\u00fck\u00fcml\u00fcl\u00fcklerinin saptanmas\u0131d\u0131r.<\/p>\n\n\n\n<p><strong>MADDE 3- S\u00d6ZLE\u015eME KONUSU \u00dcR\u00dcN<\/strong><\/p>\n\n\n\n<p>S\u00f6zle\u015fme konusu \u00fcr\u00fcn, <strong>LaciTek <\/strong>taraf\u0131ndan \u00fcretilmi\u015f bulut tabanl\u0131 yaz\u0131l\u0131mlar\u0131n kullan\u0131m lisans\u0131d\u0131r. Bu lisans <strong>KULLANICI<\/strong>&#8216;ya belirtilen yaz\u0131l\u0131mlar\u0131, sat\u0131n ald\u0131klar\u0131 s\u00fcre boyunca kullanma, ve sistem taraf\u0131ndan \u00fcretilen veriyi sistem taraf\u0131ndan sa\u011flanan ara\u00e7larla d\u0131\u015f ortama aktarma (export) hakk\u0131 verir. Yaz\u0131l\u0131mlar\u0131n fikri m\u00fclkiyetine dair bir hak transferi i\u00e7ermez ve kullan\u0131c\u0131ya yaz\u0131l\u0131mlar \u00fczerinde ters m\u00fchendislik hakk\u0131 sa\u011flamaz. <\/p>\n\n\n\n<p><strong>MADDE 4- GENEL H\u00dcK\u00dcMLER<\/strong><\/p>\n\n\n\n<p>4.1- <strong>KULLANICI<\/strong>, <strong>LaciTek<\/strong> internet sitesinde s\u00f6zle\u015fme konusu \u00fcr\u00fcn\u00fcn\/lerin temel nitelikleri, sat\u0131\u015f fiyat\u0131 ve \u00f6deme \u015fekli ile teslimata ili\u015fkin \u00f6n bilgileri okuyup bilgi sahibi oldu\u011funu ve elektronik ortamda gerekli teyidi verdi\u011fini beyan eder.<\/p>\n\n\n\n<p>4.2- S\u00f6zle\u015fme konusu maddi \u00fcr\u00fcn, yasal 30 g\u00fcnl\u00fck s\u00fcreyi a\u015fmamak ko\u015fulu ile her bir \u00fcr\u00fcn i\u00e7in <strong>KULLANICI<\/strong>&#8216; nin yerle\u015fim yerinin uzakl\u0131\u011f\u0131na ba\u011fl\u0131 olarak internet sitesinde \u00f6n bilgiler i\u00e7inde a\u00e7\u0131klanan s\u00fcre i\u00e7inde <strong>KULLANICI<\/strong> veya g\u00f6sterdi\u011fi adresteki ki\u015fi\/kurulu\u015fa teslim edilir.<\/p>\n\n\n\n<p>4.3- S\u00f6zle\u015fme konusu sanal\/yaz\u0131l\u0131msal \u00fcr\u00fcn, yasal 30 g\u00fcnl\u00fck s\u00fcreyi a\u015fmamak ko\u015fulu ile her bir \u00fcr\u00fcn i\u00e7in elektronik olarak <strong>LaciTek<\/strong> internet sitesinde T\u00dcKET\u0130C\u0130 ad\u0131na a\u00e7\u0131lm\u0131\u015f olan \u00fcyelik alt\u0131nda kullan\u0131labilir veya <strong>KULLANICI<\/strong>\u2018nin kay\u0131tl\u0131 e-posta adresinde belirtilen link arac\u0131l\u0131\u011f\u0131 kullan\u0131labilir olarak teslim edilir. Bu \u00fcr\u00fcn tipi i\u00e7in fiziksel g\u00f6nderim sa\u011flanmaz.<\/p>\n\n\n\n<p>4.4- <strong>LaciTek<\/strong>, s\u00f6zle\u015fme konusu sanal\/yaz\u0131l\u0131msal \u00fcr\u00fcn\u00fcn sipari\u015fte belirtilen niteliklere uygun, varsa kullan\u0131m k\u0131lavuzu\/lar\u0131 ile teslim edilmesinden sorumludur.<\/p>\n\n\n\n<p>4.5- S\u00f6zle\u015fme konusu \u00fcr\u00fcn\u00fcn teslimat\u0131 i\u00e7in i\u015fbu s\u00f6zle\u015fmenin imzal\u0131 n\u00fcshas\u0131n\u0131n SATICI&#8217;ya ula\u015ft\u0131r\u0131lm\u0131\u015f olmas\u0131 veya <strong>KULLANICI<\/strong> taraf\u0131ndan <strong>LaciTek<\/strong> internet sitesi \u00fczerinden elektronik olarak veya <strong>KULLANICI<\/strong>\u2018nin kay\u0131tl\u0131 e-posta adresine g\u00f6nderilen onay e-postas\u0131na istinaden elektronik olarak T\u00dcKET\u0130C\u0130 taraf\u0131ndan onay al\u0131nmas\u0131 ve bedelinin <strong>KULLANICI<\/strong>&#8216;n\u0131n tercih etti\u011fi \u00f6deme \u015fekli ile \u00f6denmi\u015f olmas\u0131 \u015fartt\u0131r. Herhangi bir nedenle \u00fcr\u00fcn bedeli \u00f6denmez veya banka kay\u0131tlar\u0131nda iptal edilir ise, <strong>LaciTek<\/strong> \u00fcr\u00fcn\u00fcn teslimi y\u00fck\u00fcml\u00fcl\u00fc\u011f\u00fcnden kurtulmu\u015f kabul edilir.<\/p>\n\n\n\n<p>4.6- \u00dcr\u00fcn\u00fcn tesliminden sonra <strong>KULLANICI<\/strong>&#8216;ye ait kredi kart\u0131n\u0131n <strong>KULLANICI<\/strong>&#8216;nin kusurundan kaynaklanmayan bir \u015fekilde yetkisiz ki\u015filerce haks\u0131z veya hukuka ayk\u0131r\u0131 olarak kullan\u0131lmas\u0131 nedeni ile ilgili banka veya finans kurulu\u015fun \u00fcr\u00fcn bedelini <strong>LaciTek<\/strong>&#8216;e \u00f6dememesi halinde, <strong>KULLANICI<\/strong>&#8216;nin kendisine teslim edilmi\u015f olmas\u0131 kayd\u0131yla maddi \u00fcr\u00fcn\u00fcn 3 g\u00fcn i\u00e7inde <strong>LaciTek<\/strong>\u2018e iade etmesi zorunludur. \u00dcr\u00fcn, sanal\/yaz\u0131l\u0131msal ise <strong>LaciTek<\/strong> lisans anahtar\u0131n\u0131n aktivasyonunu derhal iptal etme hakk\u0131na sahiptir. Bu takdirde maddi \u00fcr\u00fcnler i\u00e7in nakliye giderleri <strong>KULLANICI<\/strong>&#8216;ya aittir.<\/p>\n\n\n\n<p>4.7- <strong>LaciTek<\/strong> m\u00fccbir sebepler veya maddi \u00fcr\u00fcnler i\u00e7in nakliyeyi engelleyen hava muhalefeti, ula\u015f\u0131m\u0131n kesilmesi gibi ola\u011fan\u00fcst\u00fc durumlar nedeni ile s\u00f6zle\u015fme konusu \u00fcr\u00fcn\u00fc s\u00fcresi i\u00e7inde teslim edemez ise, durumu <strong>KULLANICI<\/strong>&#8216;ye bildirmekle y\u00fck\u00fcml\u00fcd\u00fcr. Bu takdirde <strong>KULLANICI<\/strong> sipari\u015fin iptal edilmesini, s\u00f6zle\u015fme konusu \u00fcr\u00fcn\u00fcn varsa emsali ile de\u011fi\u015ftirilmesini, ve\/veya teslimat s\u00fcresinin engelleyici durumun ortadan kalkmas\u0131na kadar ertelenmesi haklar\u0131ndan birini kullanabilir. <strong>KULLANICI<\/strong>&#8216;nin sipari\u015fi iptal etmesi halinde \u00f6dedi\u011fi tutar 15 g\u00fcn i\u00e7inde kendisine nakten ve defaten \u00f6denir.<\/p>\n\n\n\n<p>4.8- 18 ya\u015f\u0131ndan k\u00fc\u00e7\u00fck ki\u015filer <strong>LaciTek<\/strong>&#8216;ten al\u0131\u015fveri\u015f yapamaz.<\/p>\n\n\n\n<p>4.9- Dizgi ve sistem hatalar\u0131ndan meydana gelen fiyat yanl\u0131\u015fl\u0131klar\u0131ndan <strong>LaciTek<\/strong>sorumlu de\u011fildir.<\/p>\n\n\n\n<p>4.10- <strong>LaciTek<\/strong>, internet sitesinden sat\u0131\u015f\u0131n\u0131 yapt\u0131\u011f\u0131 t\u00fcm \u00fcr\u00fcnlerin i\u00e7eri\u011fini, kapsam\u0131n\u0131 ve \u00f6zelliklerini de\u011fi\u015ftirme ve iptal etme hakk\u0131na sahiptir.<\/p>\n\n\n\n<p>4.11- Sipari\u015fin ger\u00e7ekle\u015fmesi durumunda <strong>KULLANICI<\/strong> i\u015fbu s\u00f6zle\u015fmenin t\u00fcm ko\u015fullar\u0131n\u0131 kabul etmi\u015f say\u0131l\u0131r.<\/p>\n\n\n\n<p><strong>MADDE 5- CAYMA HAKKI<\/strong><\/p>\n\n\n\n<p><strong>KULLANICI<\/strong>, s\u00f6zle\u015fme konusu \u00fcr\u00fcn\u00fcn\/lerin kendisine veya g\u00f6sterdi\u011fi adresteki ki\u015fi\/kurulu\u015fa tesliminden itibaren maddi \u00fcr\u00fcnler i\u00e7in 3 g\u00fcn i\u00e7inde i\u015fbu s\u00f6zle\u015fmesinin 6. Maddesinde belirtilen kurallar dahilinde cayma hakk\u0131na sahiptir. Cayma hakk\u0131n\u0131n kullan\u0131lmas\u0131 i\u00e7in bu s\u00fcre i\u00e7inde <strong>LaciTek<\/strong>&#8216;e faks, e-posta veya telefon ile bildirimde bulunulmas\u0131 ve \u00fcr\u00fcn\u00fcn 6. madde h\u00fck\u00fcmleri \u00e7er\u00e7evesinde kullan\u0131lmam\u0131\u015f olmas\u0131 \u015fartt\u0131r. Bu hakk\u0131n kullan\u0131lmas\u0131 halinde, 3. ki\u015fiye veya <strong>KULLANICI<\/strong>&#8216;ya teslim edilen maddi \u00fcr\u00fcn\u00fcn <strong>LaciTek<\/strong>&#8216;e g\u00f6nderildi\u011fine ili\u015fkin kargo teslim tutana\u011f\u0131 \u00f6rne\u011fi ile fatura asl\u0131n\u0131n iadesi zorunludur. Bu belgelerin ula\u015fmas\u0131n\u0131 takip eden maddi \u00fcr\u00fcnler i\u00e7in 15 g\u00fcn i\u00e7inde \u00fcr\u00fcn bedeli <strong>KULLANICI<\/strong>&#8216;ya edilir. Cayma hakk\u0131 nedeni ile iade edilen maddi \u00fcr\u00fcn\u00fcn kargo bedeli <strong>KULLANICI<\/strong> taraf\u0131ndan kar\u015f\u0131lan\u0131r. Fatura asl\u0131 ibraz edilmeden iade i\u015flemi ger\u00e7ekle\u015ftirilmez.<\/p>\n\n\n\n<p><strong>MADDE 6- CAYMA HAKKI KULLANILAMAYACAK \u00dcR\u00dcNLER<\/strong><\/p>\n\n\n\n<p>Niteli\u011fi itibar\u0131yla iade edilemeyecek \u00fcr\u00fcnler, hizmetler, mod\u00fcller, tek kullan\u0131ml\u0131k \u00fcr\u00fcnler, alan ad\u0131, kopyalanabilir yaz\u0131l\u0131m ve programlar, sarf malzemeleri, h\u0131zl\u0131 bozulan veya son kullan\u0131m tarihi ge\u00e7en \u00fcr\u00fcnler ve hizmet olarak sunulan \u00fcr\u00fcnler&nbsp;i\u00e7in cayma hakk\u0131 kullan\u0131lamaz.&nbsp;Bulut tabanl\u0131 yaz\u0131l\u0131m \u00fcr\u00fcnlerinde (ilk 3 g\u00fcnl\u00fck cayma s\u00fcresi hari\u00e7) faturalama periyodu ay olarak belirlenmi\u015ftir, d\u00f6nemin ba\u015flam\u0131\u015f olmas\u0131 ile d\u00f6nem \u00fccretinin tamam\u0131 hakedi\u015f kabul edilir.<\/p>\n\n\n\n<p><strong>MADDE 7 &#8211; \u0130ADE POL\u0130T\u0130KASI<\/strong><\/p>\n\n\n\n<p><strong>LaciTek<\/strong>&#8216;n\u0131n <strong>KULLANICI<\/strong>&#8216;ya sisteme eri\u015fim bilgilerini elektronik ortamda teslim etmesiyle \u00fcr\u00fcn teslimi ger\u00e7ekle\u015fmi\u015f olur. \u0130lk sat\u0131nalmada sunulan 3 g\u00fcnl\u00fck cayma hakk\u0131 d\u0131\u015f\u0131nda d\u00f6nem \u00fccretinin iadesi talep edilemez. Y\u0131ll\u0131k paket olarak sat\u0131lan \u00fcr\u00fcnler i\u00e7in ilk ay i\u00e7inde sistem kullan\u0131m\u0131ndan vazge\u00e7ildi\u011finin <strong>LaciTek<\/strong>&#8216;e yaz\u0131l\u0131 olarak (elektronik veya fiziki ortamda) iletilmesi durumunda paket \u00fccretinden oranlamayla bulunan ilk ay bedeli kesilerek kalan tutar <strong>KULLANICI<\/strong>&#8216;ya 5. maddede belirtilen s\u00fcreler i\u00e7erisinde iade edilir. <\/p>\n\n\n\n<p><strong>MADDE 7- YETK\u0130L\u0130 MAHKEME<\/strong><\/p>\n\n\n\n<p>\u0130\u015fbu s\u00f6zle\u015fmenin uygulanmas\u0131nda, Sanayi ve Ticaret Bakanl\u0131\u011f\u0131nca ilan edilen de\u011fere kadar T\u00fcketici Hakem Heyetleri ile ticari sat\u0131\u015flar ve limit \u00fcst\u00fc i\u015flemler i\u00e7in URLA Mahkemeleri yetkilidir.<\/p>\n","protected":false},"excerpt":{"rendered":"<p>\u0130\u015fbu s\u00f6zle\u015fmenin konusu, KULLANICI&#8217;n\u0131n LaciTek&#8217;e ait &#8220;bulut.app&#8221; internet sitesinden elektronik ortamda sipari\u015fini yapt\u0131\u011f\u0131 a\u015fa\u011f\u0131da nitelikleri ve sat\u0131\u015f fiyat\u0131 belirtilen \u00fcr\u00fcn\u00fcn sat\u0131\u015f\u0131 ve teslimi ile ilgili olarak 4077 say\u0131l\u0131 T\u00fcketicilerin Korunmas\u0131 Hakk\u0131ndaki Kanun ve Mesafeli S\u00f6zle\u015fmeleri Uygulama Esas ve Usulleri Hakk\u0131nda Y\u00f6netmelik h\u00fck\u00fcmleri gere\u011fince taraflar\u0131n hak ve y\u00fck\u00fcml\u00fcl\u00fcklerinin saptanmas\u0131d\u0131r.<\/p>\n","protected":false},"author":1,"featured_media":0,"parent":0,"menu_order":0,"comment_status":"closed","ping_status":"closed","template":"","meta":[],"_links":{"self":[{"href":"https:\/\/bulut.app\/index.php\/wp-json\/wp\/v2\/pages\/2983"}],"collection":[{"href":"https:\/\/bulut.app\/index.php\/wp-json\/wp\/v2\/pages"}],"about":[{"href":"https:\/\/bulut.app\/index.php\/wp-json\/wp\/v2\/types\/page"}],"author":[{"embeddable":true,"href":"https:\/\/bulut.app\/index.php\/wp-json\/wp\/v2\/users\/1"}],"replies":[{"embeddable":true,"href":"https:\/\/bulut.app\/index.php\/wp-json\/wp\/v2\/comments?post=2983"}],"version-history":[{"count":2,"href":"https:\/\/bulut.app\/index.php\/wp-json\/wp\/v2\/pages\/2983\/revisions"}],"predecessor-version":[{"id":2997,"href":"https:\/\/bulut.app\/index.php\/wp-json\/wp\/v2\/pages\/2983\/revisions\/2997"}],"wp:attachment":[{"href":"https:\/\/bulut.app\/index.php\/wp-json\/wp\/v2\/media?parent=2983"}],"curies":[{"name":"wp","href":"https:\/\/api.w.org\/{rel}","templated":true}]}}