{"id":2880,"date":"2021-05-10T17:30:07","date_gmt":"2021-05-10T14:30:07","guid":{"rendered":"https:\/\/bulut.app\/?page_id=2880"},"modified":"2025-05-23T13:40:51","modified_gmt":"2025-05-23T10:40:51","slug":"siparis-formu","status":"publish","type":"page","link":"https:\/\/bulut.app\/index.php\/siparis-formu\/","title":{"rendered":"Sipari\u015f Formu"},"content":{"rendered":"<h2>Sipari\u015f Formu<\/h2>\n\n\n<p>Sipari\u015finizi a\u015fa\u011f\u0131daki form yard\u0131m\u0131yla bize iletebilirsiniz. Sipari\u015finizin \u00f6demesini dilerseniz sitemiz \u00fczerinden iyzico g\u00fcvenli \u00f6deme altyap\u0131s\u0131 ile kredi kart\u0131n\u0131zla veya EFT\/Havale ile \u00f6deyebilirsiniz. <\/p>\n\n\n\n<p><strong>D\u0130KKAT :<\/strong> <strong>Bu formun alt\u0131nda yer alan G\u00d6NDER butonuna bast\u0131\u011f\u0131n\u0131zda <a rel=\"noreferrer noopener\" href=\"https:\/\/bulut.app\/index.php\/teslim-ve-iade\/\" target=\"_blank\">Teslim ve \u0130ade<\/a> ko\u015fullar\u0131n\u0131 okuyup kabul etti\u011finizi ve 18 ya\u015f\u0131ndan b\u00fcy\u00fck olup sat\u0131nalma ehliyetine sahip oldu\u011funuzu beyan etmektesiniz<\/strong>. <\/p>\n\n\n\n<div class=\"wpforms-container wpforms-container-full\" id=\"wpforms-2879\"><form id=\"wpforms-form-2879\" class=\"wpforms-validate wpforms-form\" data-formid=\"2879\" method=\"post\" enctype=\"multipart\/form-data\" action=\"\/index.php\/wp-json\/wp\/v2\/pages\/2880\" data-token=\"a5ebce5cc6507a29b8f8ceeccbfa5eb4\"><noscript class=\"wpforms-error-noscript\">Please enable JavaScript in your browser to complete this form.<\/noscript><div class=\"wpforms-field-container\"><div id=\"wpforms-2879-field_0-container\" class=\"wpforms-field wpforms-field-name\" data-field-id=\"0\"><label class=\"wpforms-field-label\" for=\"wpforms-2879-field_0\">Ad\u0131n\u0131z <span class=\"wpforms-required-label\">*<\/span><\/label><div class=\"wpforms-field-row wpforms-field-medium\"><div class=\"wpforms-field-row-block wpforms-first wpforms-one-half\"><input type=\"text\" id=\"wpforms-2879-field_0\" class=\"wpforms-field-name-first wpforms-field-required\" name=\"wpforms[fields][0][first]\" placeholder=\"Ad\" required><label for=\"wpforms-2879-field_0\" class=\"wpforms-field-sublabel after wpforms-sublabel-hide\">First<\/label><\/div><div class=\"wpforms-field-row-block wpforms-one-half\"><input type=\"text\" id=\"wpforms-2879-field_0-last\" class=\"wpforms-field-name-last wpforms-field-required\" name=\"wpforms[fields][0][last]\" placeholder=\"Soyad\" required><label for=\"wpforms-2879-field_0-last\" class=\"wpforms-field-sublabel after wpforms-sublabel-hide\">Last<\/label><\/div><\/div><\/div><div id=\"wpforms-2879-field_8-container\" class=\"wpforms-field wpforms-field-text\" data-field-id=\"8\"><label class=\"wpforms-field-label\" for=\"wpforms-2879-field_8\">Firma\/Tesis Ad\u0131<\/label><input type=\"text\" id=\"wpforms-2879-field_8\" class=\"wpforms-field-medium\" name=\"wpforms[fields][8]\" ><\/div><div id=\"wpforms-2879-field_1-container\" class=\"wpforms-field wpforms-field-email\" data-field-id=\"1\"><label class=\"wpforms-field-label\" for=\"wpforms-2879-field_1\">Email <span class=\"wpforms-required-label\">*<\/span><\/label><input type=\"email\" id=\"wpforms-2879-field_1\" class=\"wpforms-field-medium wpforms-field-required\" name=\"wpforms[fields][1]\" required><div class=\"wpforms-field-description\">Sipari\u015finizle ilgili detaylar\u0131n g\u00f6nderilece\u011fi yetkili ki\u015fi e-posta adresi<\/div><\/div><div id=\"wpforms-2879-field_5-container\" class=\"wpforms-field wpforms-field-number\" data-field-id=\"5\"><label class=\"wpforms-field-label\" for=\"wpforms-2879-field_5\">Telefon Numaras\u0131 <span class=\"wpforms-required-label\">*<\/span><\/label><input type=\"number\" pattern=\"\\d*\" id=\"wpforms-2879-field_5\" class=\"wpforms-field-medium wpforms-field-required\" name=\"wpforms[fields][5]\" placeholder=\"532 1234567\" required><\/div><div id=\"wpforms-2879-field_6-container\" class=\"wpforms-field wpforms-field-checkbox wpforms-list-2-columns\" data-field-id=\"6\"><label class=\"wpforms-field-label\" for=\"wpforms-2879-field_6\">Tercih etti\u011finiz \u00fcr\u00fcnlerimiz <span class=\"wpforms-required-label\">*<\/span><\/label><ul id=\"wpforms-2879-field_6\" class=\"wpforms-field-required\" data-choice-limit=\"4\"><li class=\"choice-1 depth-1\"><input type=\"checkbox\" id=\"wpforms-2879-field_6_1\" data-rule-check-limit=\"true\" name=\"wpforms[fields][6][]\" value=\"BulutSPA Basic\" required ><label class=\"wpforms-field-label-inline\" for=\"wpforms-2879-field_6_1\">BulutSPA Basic<\/label><\/li><li class=\"choice-2 depth-1\"><input type=\"checkbox\" id=\"wpforms-2879-field_6_2\" data-rule-check-limit=\"true\" name=\"wpforms[fields][6][]\" value=\"BulutSPA Pro\" required ><label class=\"wpforms-field-label-inline\" for=\"wpforms-2879-field_6_2\">BulutSPA Pro<\/label><\/li><li class=\"choice-3 depth-1\"><input type=\"checkbox\" id=\"wpforms-2879-field_6_3\" data-rule-check-limit=\"true\" name=\"wpforms[fields][6][]\" value=\"BulutSPA Extra\" required ><label class=\"wpforms-field-label-inline\" for=\"wpforms-2879-field_6_3\">BulutSPA Extra<\/label><\/li><li class=\"choice-6 depth-1\"><input type=\"checkbox\" id=\"wpforms-2879-field_6_6\" data-rule-check-limit=\"true\" name=\"wpforms[fields][6][]\" value=\"E-Fatura Eklentisi\" required ><label class=\"wpforms-field-label-inline\" for=\"wpforms-2879-field_6_6\">E-Fatura Eklentisi<\/label><\/li><li class=\"choice-5 depth-1\"><input type=\"checkbox\" id=\"wpforms-2879-field_6_5\" data-rule-check-limit=\"true\" name=\"wpforms[fields][6][]\" value=\"SMS Eklentisi\" required ><label class=\"wpforms-field-label-inline\" for=\"wpforms-2879-field_6_5\">SMS Eklentisi<\/label><\/li><li class=\"choice-4 depth-1\"><input type=\"checkbox\" id=\"wpforms-2879-field_6_4\" data-rule-check-limit=\"true\" name=\"wpforms[fields][6][]\" value=\"Markal\u0131 Mobil Uygulama\" required ><label class=\"wpforms-field-label-inline\" for=\"wpforms-2879-field_6_4\">Markal\u0131 Mobil Uygulama<\/label><\/li><\/ul><\/div><div id=\"wpforms-2879-field_7-container\" class=\"wpforms-field wpforms-field-number-slider\" data-field-id=\"7\"><label class=\"wpforms-field-label\" for=\"wpforms-2879-field_7\">\u015eube Say\u0131s\u0131<\/label><input\n\ttype=\"range\"\n\tid=\"wpforms-2879-field_7\" class=\"wpforms-field-medium\" name=\"wpforms[fields][7]\" value=\"1\"\t\tvalue=\"1\"\n\tmin=\"1\"\n\tmax=\"10\"\n\tstep=\"1\">\n\n<div class=\"wpforms-field-number-slider-hint\"\n\tdata-hint=\"{value}\">\n\t<b>1<\/b><\/div>\n<\/div><div id=\"wpforms-2879-field_4-container\" class=\"wpforms-field wpforms-field-textarea\" data-field-id=\"4\"><label class=\"wpforms-field-label\" for=\"wpforms-2879-field_4\">Sipari\u015f Notlar\u0131<\/label><textarea id=\"wpforms-2879-field_4\" class=\"wpforms-field-medium\" name=\"wpforms[fields][4]\" ><\/textarea><\/div><\/div><input type=\"hidden\" name=\"wpforms[recaptcha]\" value=\"\"><div class=\"wpforms-submit-container\" ><input type=\"hidden\" name=\"wpforms[id]\" value=\"2879\"><input type=\"hidden\" name=\"wpforms[author]\" value=\"1\"><button type=\"submit\" name=\"wpforms[submit]\" class=\"wpforms-submit \" id=\"wpforms-submit-2879\" value=\"wpforms-submit\" aria-live=\"assertive\" data-alt-text=\"G\u00f6nderiliyor\" data-submit-text=\"G\u00f6nder\">G\u00f6nder<\/button><\/div><\/form><\/div>  <!-- .wpforms-container -->\n","protected":false},"excerpt":{"rendered":"<p>Sipari\u015f Formu Sipari\u015finizi a\u015fa\u011f\u0131daki form yard\u0131m\u0131yla bize iletebilirsiniz. Sipari\u015finizin \u00f6demesini dilerseniz sitemiz \u00fczerinden iyzico g\u00fcvenli \u00f6deme altyap\u0131s\u0131 ile kredi kart\u0131n\u0131zla veya EFT\/Havale ile \u00f6deyebilirsiniz. D\u0130KKAT : Bu formun alt\u0131nda yer &#8230;<\/p>\n","protected":false},"author":1,"featured_media":0,"parent":0,"menu_order":0,"comment_status":"closed","ping_status":"closed","template":"template-fullwidth.php","meta":[],"_links":{"self":[{"href":"https:\/\/bulut.app\/index.php\/wp-json\/wp\/v2\/pages\/2880"}],"collection":[{"href":"https:\/\/bulut.app\/index.php\/wp-json\/wp\/v2\/pages"}],"about":[{"href":"https:\/\/bulut.app\/index.php\/wp-json\/wp\/v2\/types\/page"}],"author":[{"embeddable":true,"href":"https:\/\/bulut.app\/index.php\/wp-json\/wp\/v2\/users\/1"}],"replies":[{"embeddable":true,"href":"https:\/\/bulut.app\/index.php\/wp-json\/wp\/v2\/comments?post=2880"}],"version-history":[{"count":7,"href":"https:\/\/bulut.app\/index.php\/wp-json\/wp\/v2\/pages\/2880\/revisions"}],"predecessor-version":[{"id":2989,"href":"https:\/\/bulut.app\/index.php\/wp-json\/wp\/v2\/pages\/2880\/revisions\/2989"}],"wp:attachment":[{"href":"https:\/\/bulut.app\/index.php\/wp-json\/wp\/v2\/media?parent=2880"}],"curies":[{"name":"wp","href":"https:\/\/api.w.org\/{rel}","templated":true}]}}